{"id":7,"date":"2025-12-03T21:56:23","date_gmt":"2025-12-03T21:56:23","guid":{"rendered":"https:\/\/marquestendances.fr\/panier\/"},"modified":"2025-12-03T21:56:23","modified_gmt":"2025-12-03T21:56:23","slug":"panier","status":"publish","type":"page","link":"https:\/\/marquestendances.fr\/en\/panier\/","title":{"rendered":"Panier"},"content":{"rendered":"\n<div data-block-name=\"woocommerce\/cart\" class=\"wp-block-woocommerce-cart alignwide is-loading\">\n<div data-block-name=\"woocommerce\/filled-cart-block\" class=\"wp-block-woocommerce-filled-cart-block\">\n<div data-block-name=\"woocommerce\/cart-items-block\" class=\"wp-block-woocommerce-cart-items-block\">\n<div data-block-name=\"woocommerce\/cart-line-items-block\" class=\"wp-block-woocommerce-cart-line-items-block\"><\/div>\n\n\n<\/div>\n\n\n\n\n<div data-block-name=\"woocommerce\/cart-totals-block\" class=\"wp-block-woocommerce-cart-totals-block\">\n<div data-block-name=\"woocommerce\/cart-order-summary-block\" class=\"wp-block-woocommerce-cart-order-summary-block\">\n<div data-block-name=\"woocommerce\/cart-order-summary-heading-block\" class=\"wp-block-woocommerce-cart-order-summary-heading-block\"><\/div><div data-block-name=\"woocommerce\/cart-order-summary-coupon-form-block\" class=\"wp-block-woocommerce-cart-order-summary-coupon-form-block\"><\/div><div data-block-name=\"woocommerce\/cart-order-summary-totals-block\" class=\"wp-block-woocommerce-cart-order-summary-totals-block\">\n<div data-block-name=\"woocommerce\/cart-order-summary-subtotal-block\" class=\"wp-block-woocommerce-cart-order-summary-subtotal-block\"><\/div>\n<div data-block-name=\"woocommerce\/cart-order-summary-discount-block\" class=\"wp-block-woocommerce-cart-order-summary-discount-block\"><\/div>\n<div data-block-name=\"woocommerce\/cart-order-summary-fee-block\" class=\"wp-block-woocommerce-cart-order-summary-fee-block\"><\/div>\n<div data-block-name=\"woocommerce\/cart-order-summary-shipping-block\" class=\"wp-block-woocommerce-cart-order-summary-shipping-block\"><\/div>\n<div data-block-name=\"woocommerce\/cart-order-summary-taxes-block\" class=\"wp-block-woocommerce-cart-order-summary-taxes-block\"><\/div><\/div>\n<\/div>\n\n\n\n<div data-block-name=\"woocommerce\/cart-express-payment-block\" class=\"wp-block-woocommerce-cart-express-payment-block\"><\/div>\n\n\n\n<div data-block-name=\"woocommerce\/proceed-to-checkout-block\" class=\"wp-block-woocommerce-proceed-to-checkout-block\"><\/div>\n<div id=\"ppcp-recaptcha-v2-container\" style=\"margin:20px 0;\"><\/div>\n\n\n<div data-block-name=\"woocommerce\/cart-accepted-payment-methods-block\" class=\"wp-block-woocommerce-cart-accepted-payment-methods-block\"><\/div>\n<\/div>\n<\/div>\n\n\n\n<div data-block-name=\"woocommerce\/empty-cart-block\" class=\"wp-block-woocommerce-empty-cart-block\">\n<h2 class=\"wp-block-heading has-text-align-center with-empty-cart-icon wc-block-cart__empty-cart__title\">Votre panier est actuellement vide\u00a0!<\/h2>\n\n\n\n<hr class=\"wp-block-separator has-alpha-channel-opacity is-style-dots\"\/>\n\n\n\n<h2 class=\"wp-block-heading has-text-align-center\">Nouveau dans la boutique<\/h2>\n\n\n<div data-block-name=\"woocommerce\/product-new\" data-columns=\"4\" data-rows=\"1\" class=\"wc-block-grid wp-block-product-new wp-block-woocommerce-product-new wc-block-product-new has-4-columns\"><ul class=\"wc-block-grid__products\"><li class=\"wc-block-grid__product\">\n\t\t\t\t<a href=\"https:\/\/marquestendances.fr\/en\/product\/pantalon-chino-beige-femme\/\" class=\"wc-block-grid__product-link\">\n\t\t\t\t\t\n\t\t\t\t\t<div class=\"wc-block-grid__product-image\"><img fetchpriority=\"high\" decoding=\"async\" width=\"300\" height=\"300\" src=\"https:\/\/marquestendances.fr\/wp-content\/uploads\/woocommerce-placeholder-300x300.webp\" class=\"woocommerce-placeholder wp-post-image\" alt=\"\" srcset=\"https:\/\/marquestendances.fr\/wp-content\/uploads\/woocommerce-placeholder-300x300.webp 300w, https:\/\/marquestendances.fr\/wp-content\/uploads\/woocommerce-placeholder-100x100.webp 100w, https:\/\/marquestendances.fr\/wp-content\/uploads\/woocommerce-placeholder-600x600.webp 600w, https:\/\/marquestendances.fr\/wp-content\/uploads\/woocommerce-placeholder-1024x1024.webp 1024w, https:\/\/marquestendances.fr\/wp-content\/uploads\/woocommerce-placeholder-150x150.webp 150w, https:\/\/marquestendances.fr\/wp-content\/uploads\/woocommerce-placeholder-768x768.webp 768w, https:\/\/marquestendances.fr\/wp-content\/uploads\/woocommerce-placeholder.webp 1200w\" sizes=\"(max-width: 300px) 100vw, 300px\"><\/div>\n\t\t\t\t\t<div class=\"wc-block-grid__product-title\">Pantalon Chino<\/div>\n\t\t\t\t<\/a>\n\t\t\t\t<div class=\"wc-block-grid__product-price price\"><\/div>\n\t\t\t\t\n\t\t\t\t<div class=\"wp-block-button wc-block-grid__product-add-to-cart\"><a href=\"https:\/\/marquestendances.fr\/en\/product\/pantalon-chino-beige-femme\/\" aria-label=\"Select options for \u201cPantalon Chino\u201d\" data-quantity=\"1\" data-product_id=\"26\" data-product_sku=\"\" data-price=\"0\" rel=\"nofollow\" class=\"wp-block-button__link  add_to_cart_button\">Read more<\/a><\/div><div class=\"tinv-wraper woocommerce tinv-wishlist tinvwl-after-add-to-cart tinvwl-loop-button-wrapper tinvwl-woocommerce_blocks_product_grid_item_html\" data-tinvwl_product_id=\"26\">\r\n\t<div class=\"tinv-wishlist-clear\"><\/div><a role=\"button\" tabindex=\"0\" name=\"ajouter-aux-favoris\" aria-label=\"ajouter aux favoris\" class=\"tinvwl_add_to_wishlist_button tinvwl-icon-heart  tinvwl-position-after tinvwl-loop\" data-tinv-wl-list=\"[]\" data-tinv-wl-product=\"26\" data-tinv-wl-productvariation=\"0\" data-tinv-wl-productvariations=\"[0]\" data-tinv-wl-producttype=\"variable\" data-tinv-wl-action=\"add\"><span class=\"tinvwl_add_to_wishlist-text\">ajouter aux favoris<\/span><\/a><div class=\"tinv-wishlist-clear\"><\/div>\t\t<div class=\"tinvwl-tooltip\">ajouter aux favoris<\/div>\r\n<\/div>\n\t\t\t<\/li><li class=\"wc-block-grid__product\">\n\t\t\t\t<a href=\"https:\/\/marquestendances.fr\/en\/product\/pantalon-chino-beige-homme\/\" class=\"wc-block-grid__product-link\">\n\t\t\t\t\t\n\t\t\t\t\t<div class=\"wc-block-grid__product-image\"><img fetchpriority=\"high\" decoding=\"async\" width=\"300\" height=\"300\" src=\"https:\/\/marquestendances.fr\/wp-content\/uploads\/woocommerce-placeholder-300x300.webp\" class=\"woocommerce-placeholder wp-post-image\" alt=\"\" srcset=\"https:\/\/marquestendances.fr\/wp-content\/uploads\/woocommerce-placeholder-300x300.webp 300w, https:\/\/marquestendances.fr\/wp-content\/uploads\/woocommerce-placeholder-100x100.webp 100w, https:\/\/marquestendances.fr\/wp-content\/uploads\/woocommerce-placeholder-600x600.webp 600w, https:\/\/marquestendances.fr\/wp-content\/uploads\/woocommerce-placeholder-1024x1024.webp 1024w, https:\/\/marquestendances.fr\/wp-content\/uploads\/woocommerce-placeholder-150x150.webp 150w, https:\/\/marquestendances.fr\/wp-content\/uploads\/woocommerce-placeholder-768x768.webp 768w, https:\/\/marquestendances.fr\/wp-content\/uploads\/woocommerce-placeholder.webp 1200w\" sizes=\"(max-width: 300px) 100vw, 300px\"><\/div>\n\t\t\t\t\t<div class=\"wc-block-grid__product-title\">Pantalon chino<\/div>\n\t\t\t\t<\/a>\n\t\t\t\t<div class=\"wc-block-grid__product-price price\"><span class=\"woocommerce-Price-amount amount\"><span class=\"woocommerce-Price-currencySymbol\">\u20ac<\/span>60,50<\/span><\/div>\n\t\t\t\t\n\t\t\t\t<div class=\"wp-block-button wc-block-grid__product-add-to-cart\"><a href=\"\/en\/wp-json\/wp\/v2\/pages\/7?add-to-cart=23\" aria-label=\"Add to cart: \u201cPantalon chino\u201d\" data-quantity=\"1\" data-product_id=\"23\" data-product_sku=\"\" data-price=\"60.5\" rel=\"nofollow\" class=\"wp-block-button__link  add_to_cart_button ajax_add_to_cart\">Add to cart<\/a><\/div><div class=\"tinv-wraper woocommerce tinv-wishlist tinvwl-after-add-to-cart tinvwl-loop-button-wrapper tinvwl-woocommerce_blocks_product_grid_item_html\" data-tinvwl_product_id=\"23\">\r\n\t<div class=\"tinv-wishlist-clear\"><\/div><a role=\"button\" tabindex=\"0\" name=\"ajouter-aux-favoris\" aria-label=\"ajouter aux favoris\" class=\"tinvwl_add_to_wishlist_button tinvwl-icon-heart  tinvwl-position-after tinvwl-loop\" data-tinv-wl-list=\"[]\" data-tinv-wl-product=\"23\" data-tinv-wl-productvariation=\"0\" data-tinv-wl-productvariations=\"[]\" data-tinv-wl-producttype=\"simple\" data-tinv-wl-action=\"add\"><span class=\"tinvwl_add_to_wishlist-text\">ajouter aux favoris<\/span><\/a><div class=\"tinv-wishlist-clear\"><\/div>\t\t<div class=\"tinvwl-tooltip\">ajouter aux favoris<\/div>\r\n<\/div>\n\t\t\t<\/li><li class=\"wc-block-grid__product\">\n\t\t\t\t<a href=\"https:\/\/marquestendances.fr\/en\/product\/sac-gucci-pour-femmes\/\" class=\"wc-block-grid__product-link\">\n\t\t\t\t\t\n\t\t\t\t\t<div class=\"wc-block-grid__product-image\"><img fetchpriority=\"high\" decoding=\"async\" width=\"300\" height=\"300\" src=\"https:\/\/marquestendances.fr\/wp-content\/uploads\/woocommerce-placeholder-300x300.webp\" class=\"woocommerce-placeholder wp-post-image\" alt=\"\" srcset=\"https:\/\/marquestendances.fr\/wp-content\/uploads\/woocommerce-placeholder-300x300.webp 300w, https:\/\/marquestendances.fr\/wp-content\/uploads\/woocommerce-placeholder-100x100.webp 100w, https:\/\/marquestendances.fr\/wp-content\/uploads\/woocommerce-placeholder-600x600.webp 600w, https:\/\/marquestendances.fr\/wp-content\/uploads\/woocommerce-placeholder-1024x1024.webp 1024w, https:\/\/marquestendances.fr\/wp-content\/uploads\/woocommerce-placeholder-150x150.webp 150w, https:\/\/marquestendances.fr\/wp-content\/uploads\/woocommerce-placeholder-768x768.webp 768w, https:\/\/marquestendances.fr\/wp-content\/uploads\/woocommerce-placeholder.webp 1200w\" sizes=\"(max-width: 300px) 100vw, 300px\"><\/div>\n\t\t\t\t\t<div class=\"wc-block-grid__product-title\">Sac Gucci pour femmes<\/div>\n\t\t\t\t<\/a>\n\t\t\t\t<div class=\"wc-block-grid__product-price price\"><\/div>\n\t\t\t\t\n\t\t\t\t<div class=\"wp-block-button wc-block-grid__product-add-to-cart\"><a href=\"https:\/\/marquestendances.fr\/en\/product\/sac-gucci-pour-femmes\/\" aria-label=\"Select options for \u201cSac Gucci pour femmes\u201d\" data-quantity=\"1\" data-product_id=\"16\" data-product_sku=\"\" data-price=\"0\" rel=\"nofollow\" class=\"wp-block-button__link  add_to_cart_button\">Read more<\/a><\/div><div class=\"tinv-wraper woocommerce tinv-wishlist tinvwl-after-add-to-cart tinvwl-loop-button-wrapper tinvwl-woocommerce_blocks_product_grid_item_html\" data-tinvwl_product_id=\"16\">\r\n\t<div class=\"tinv-wishlist-clear\"><\/div><a role=\"button\" tabindex=\"0\" name=\"ajouter-aux-favoris\" aria-label=\"ajouter aux favoris\" class=\"tinvwl_add_to_wishlist_button tinvwl-icon-heart  tinvwl-position-after tinvwl-loop\" data-tinv-wl-list=\"[]\" data-tinv-wl-product=\"16\" data-tinv-wl-productvariation=\"0\" data-tinv-wl-productvariations=\"[0]\" data-tinv-wl-producttype=\"variable\" data-tinv-wl-action=\"add\"><span class=\"tinvwl_add_to_wishlist-text\">ajouter aux favoris<\/span><\/a><div class=\"tinv-wishlist-clear\"><\/div>\t\t<div class=\"tinvwl-tooltip\">ajouter aux favoris<\/div>\r\n<\/div>\n\t\t\t<\/li><li class=\"wc-block-grid__product\">\n\t\t\t\t<a href=\"https:\/\/marquestendances.fr\/en\/product\/pull-calvin-klein\/\" class=\"wc-block-grid__product-link\">\n\t\t\t\t\t\n\t\t\t\t\t<div class=\"wc-block-grid__product-image\"><img fetchpriority=\"high\" decoding=\"async\" width=\"300\" height=\"300\" src=\"https:\/\/marquestendances.fr\/wp-content\/uploads\/woocommerce-placeholder-300x300.webp\" class=\"woocommerce-placeholder wp-post-image\" alt=\"\" srcset=\"https:\/\/marquestendances.fr\/wp-content\/uploads\/woocommerce-placeholder-300x300.webp 300w, https:\/\/marquestendances.fr\/wp-content\/uploads\/woocommerce-placeholder-100x100.webp 100w, https:\/\/marquestendances.fr\/wp-content\/uploads\/woocommerce-placeholder-600x600.webp 600w, https:\/\/marquestendances.fr\/wp-content\/uploads\/woocommerce-placeholder-1024x1024.webp 1024w, https:\/\/marquestendances.fr\/wp-content\/uploads\/woocommerce-placeholder-150x150.webp 150w, https:\/\/marquestendances.fr\/wp-content\/uploads\/woocommerce-placeholder-768x768.webp 768w, https:\/\/marquestendances.fr\/wp-content\/uploads\/woocommerce-placeholder.webp 1200w\" sizes=\"(max-width: 300px) 100vw, 300px\"><\/div>\n\t\t\t\t\t<div class=\"wc-block-grid__product-title\">Pull Calvin Klein<\/div>\n\t\t\t\t<\/a>\n\t\t\t\t<div class=\"wc-block-grid__product-price price\"><\/div>\n\t\t\t\t\n\t\t\t\t<div class=\"wp-block-button wc-block-grid__product-add-to-cart\"><a href=\"https:\/\/marquestendances.fr\/en\/product\/pull-calvin-klein\/\" aria-label=\"Select options for \u201cPull Calvin Klein\u201d\" data-quantity=\"1\" data-product_id=\"11\" data-product_sku=\"\" data-price=\"0\" rel=\"nofollow\" class=\"wp-block-button__link  add_to_cart_button\">Read more<\/a><\/div><div class=\"tinv-wraper woocommerce tinv-wishlist tinvwl-after-add-to-cart tinvwl-loop-button-wrapper tinvwl-woocommerce_blocks_product_grid_item_html\" data-tinvwl_product_id=\"11\">\r\n\t<div class=\"tinv-wishlist-clear\"><\/div><a role=\"button\" tabindex=\"0\" name=\"ajouter-aux-favoris\" aria-label=\"ajouter aux favoris\" class=\"tinvwl_add_to_wishlist_button tinvwl-icon-heart  tinvwl-position-after tinvwl-loop\" data-tinv-wl-list=\"[]\" data-tinv-wl-product=\"11\" data-tinv-wl-productvariation=\"0\" data-tinv-wl-productvariations=\"[0]\" data-tinv-wl-producttype=\"variable\" data-tinv-wl-action=\"add\"><span class=\"tinvwl_add_to_wishlist-text\">ajouter aux favoris<\/span><\/a><div class=\"tinv-wishlist-clear\"><\/div>\t\t<div class=\"tinvwl-tooltip\">ajouter aux favoris<\/div>\r\n<\/div>\n\t\t\t<\/li><\/ul><\/div><\/div>\n<\/div>\n","protected":false},"excerpt":{"rendered":"<p>Vous serez peut-\u00eatre int\u00e9ress\u00e9 par&hellip; Votre panier est actuellement vide\u00a0! Nouveau dans la boutique<\/p>\n","protected":false},"author":1,"featured_media":0,"parent":0,"menu_order":0,"comment_status":"closed","ping_status":"closed","template":"","meta":{"footnotes":""},"class_list":["post-7","page","type-page","status-publish","hentry"],"_hostinger_reach_plugin_has_subscription_block":false,"_hostinger_reach_plugin_is_elementor":false,"_links":{"self":[{"href":"https:\/\/marquestendances.fr\/en\/wp-json\/wp\/v2\/pages\/7","targetHints":{"allow":["GET"]}}],"collection":[{"href":"https:\/\/marquestendances.fr\/en\/wp-json\/wp\/v2\/pages"}],"about":[{"href":"https:\/\/marquestendances.fr\/en\/wp-json\/wp\/v2\/types\/page"}],"author":[{"embeddable":true,"href":"https:\/\/marquestendances.fr\/en\/wp-json\/wp\/v2\/users\/1"}],"replies":[{"embeddable":true,"href":"https:\/\/marquestendances.fr\/en\/wp-json\/wp\/v2\/comments?post=7"}],"version-history":[{"count":0,"href":"https:\/\/marquestendances.fr\/en\/wp-json\/wp\/v2\/pages\/7\/revisions"}],"wp:attachment":[{"href":"https:\/\/marquestendances.fr\/en\/wp-json\/wp\/v2\/media?parent=7"}],"curies":[{"name":"wp","href":"https:\/\/api.w.org\/{rel}","templated":true}]}}